{"id":1114,"date":"2021-03-15T17:28:18","date_gmt":"2021-03-15T17:28:18","guid":{"rendered":"https:\/\/www.resistenciasinfravermelho.com.br\/loja2\/?post_type=product&#038;p=1114"},"modified":"2025-01-16T12:57:44","modified_gmt":"2025-01-16T12:57:44","slug":"resistencia-infravermelho-rr-52mm-250w-furo-5mm","status":"publish","type":"product","link":"https:\/\/www.resistenciasinfravermelho.com.br\/loja2\/?product=resistencia-infravermelho-rr-52mm-250w-furo-5mm","title":{"rendered":"Resist\u00eancia Infravermelho &#8211; RR 52mm &#8211; 250W 110V Furo \u00d85mm"},"content":{"rendered":"<p>Dimens\u00e3o: 52mm &#8211; Pot\u00eancia: 250W &#8211; Tens\u00e3o: 110V<br \/>\nResist\u00eancias Cer\u00e2micas &#8211; Esmalte Branco, Rosa.<br \/>\nAplica\u00e7\u00f5es: Vacuum forming, secagem t\u00eaxteis, resinas, pap\u00e9is, tintas, solventes, etc.<br \/>\nFornecemos tamb\u00e9m resist\u00eancias montadas em refletor de a\u00e7o inox ou conforme necessidade do cliente.<\/p>\n","protected":false},"excerpt":{"rendered":"<p>Dimens\u00e3o: 52mm &#8211; Pot\u00eancia: 250W &#8211; Tens\u00e3o: 110V.<br \/>\nResist\u00eancias Cer\u00e2micas &#8211; Esmalte Branco, Rosa.<\/p>\n<p>Prazo de Fabrica\u00e7\u00e3o: 10 dias \u00fateis<\/p>\n","protected":false},"featured_media":597,"comment_status":"open","ping_status":"closed","template":"","meta":[],"product_brand":[],"product_cat":[28],"product_tag":[73,72,53,52,56,84],"class_list":{"0":"post-1114","1":"product","2":"type-product","3":"status-publish","4":"has-post-thumbnail","6":"product_cat-resistencia-infravermelho-ceramica-plana","7":"product_tag-loja-de-resistencias-infravermelho","8":"product_tag-loja-de-termopares","9":"product_tag-resistencia-eletrica","10":"product_tag-resistencia-infravermelho","11":"product_tag-resistencias-infravemelho-plana","12":"product_tag-termoformador","14":"first","15":"onbackorder","16":"featured","17":"product-type-simple"},"_links":{"self":[{"href":"https:\/\/www.resistenciasinfravermelho.com.br\/loja2\/index.php?rest_route=\/wp\/v2\/product\/1114","targetHints":{"allow":["GET"]}}],"collection":[{"href":"https:\/\/www.resistenciasinfravermelho.com.br\/loja2\/index.php?rest_route=\/wp\/v2\/product"}],"about":[{"href":"https:\/\/www.resistenciasinfravermelho.com.br\/loja2\/index.php?rest_route=\/wp\/v2\/types\/product"}],"replies":[{"embeddable":true,"href":"https:\/\/www.resistenciasinfravermelho.com.br\/loja2\/index.php?rest_route=%2Fwp%2Fv2%2Fcomments&post=1114"}],"wp:featuredmedia":[{"embeddable":true,"href":"https:\/\/www.resistenciasinfravermelho.com.br\/loja2\/index.php?rest_route=\/wp\/v2\/media\/597"}],"wp:attachment":[{"href":"https:\/\/www.resistenciasinfravermelho.com.br\/loja2\/index.php?rest_route=%2Fwp%2Fv2%2Fmedia&parent=1114"}],"wp:term":[{"taxonomy":"product_brand","embeddable":true,"href":"https:\/\/www.resistenciasinfravermelho.com.br\/loja2\/index.php?rest_route=%2Fwp%2Fv2%2Fproduct_brand&post=1114"},{"taxonomy":"product_cat","embeddable":true,"href":"https:\/\/www.resistenciasinfravermelho.com.br\/loja2\/index.php?rest_route=%2Fwp%2Fv2%2Fproduct_cat&post=1114"},{"taxonomy":"product_tag","embeddable":true,"href":"https:\/\/www.resistenciasinfravermelho.com.br\/loja2\/index.php?rest_route=%2Fwp%2Fv2%2Fproduct_tag&post=1114"}],"curies":[{"name":"wp","href":"https:\/\/api.w.org\/{rel}","templated":true}]}}