{"id":915,"date":"2020-03-23T19:21:19","date_gmt":"2020-03-23T19:21:19","guid":{"rendered":"https:\/\/resistenciasinfravermelho.com.br\/loja2\/?post_type=product&#038;p=915"},"modified":"2021-07-21T11:33:21","modified_gmt":"2021-07-21T11:33:21","slug":"resistencia-tubo-quartzo-1000mm-220v","status":"publish","type":"product","link":"https:\/\/www.resistenciasinfravermelho.com.br\/loja2\/?product=resistencia-tubo-quartzo-1000mm-220v","title":{"rendered":"Resist\u00eancia Tubo Quartzo 1000mm &#8211; 220V &#8211; 1000W"},"content":{"rendered":"<p>Resist\u00eancia Tubular Quartzo &#8211; 1000mm &#8211; 220V &#8211; 1000W<\/p>\n<p><strong>Dimens\u00e3o<\/strong>: 1000mm<\/p>\n<p><strong>Pot\u00eancia<\/strong>: 250W, 400W, 500W, 650W e 750W. Voltagem: 110V ou 220V<\/p>\n<p><strong>Aplica\u00e7\u00f5es<\/strong>: Vacuum forming, secagem t\u00eaxteis, resinas, pap\u00e9is, tintas, solventes, etc.<br \/>\nFornecemos tamb\u00e9m resist\u00eancias montadas em refletor de a\u00e7o inox ou conforme necessidade do cliente.<\/p>\n","protected":false},"excerpt":{"rendered":"<p>Resist\u00eancia Tubular Quartzo &#8211; 1000mm &#8211; 220V &#8211; 1000W<\/p>\n<p><strong>Dimens\u00e3o<\/strong>: 1000mm<\/p>\n<p>Prazo de Fabrica\u00e7\u00e3o: 10 dias \u00fateis<\/p>\n","protected":false},"featured_media":916,"comment_status":"open","ping_status":"closed","template":"","meta":[],"product_brand":[],"product_cat":[24],"product_tag":[73,72,79,53,52,75,84],"class_list":{"0":"post-915","1":"product","2":"type-product","3":"status-publish","4":"has-post-thumbnail","6":"product_cat-resistencias-infravermelho-tubular-quartzo","7":"product_tag-loja-de-resistencias-infravermelho","8":"product_tag-loja-de-termopares","9":"product_tag-resistencia-calha-em-inxo","10":"product_tag-resistencia-eletrica","11":"product_tag-resistencia-infravermelho","12":"product_tag-resistencias-infravermelho-tubo-quartzo","13":"product_tag-termoformador","15":"first","16":"onbackorder","17":"featured","18":"product-type-simple"},"_links":{"self":[{"href":"https:\/\/www.resistenciasinfravermelho.com.br\/loja2\/index.php?rest_route=\/wp\/v2\/product\/915","targetHints":{"allow":["GET"]}}],"collection":[{"href":"https:\/\/www.resistenciasinfravermelho.com.br\/loja2\/index.php?rest_route=\/wp\/v2\/product"}],"about":[{"href":"https:\/\/www.resistenciasinfravermelho.com.br\/loja2\/index.php?rest_route=\/wp\/v2\/types\/product"}],"replies":[{"embeddable":true,"href":"https:\/\/www.resistenciasinfravermelho.com.br\/loja2\/index.php?rest_route=%2Fwp%2Fv2%2Fcomments&post=915"}],"wp:featuredmedia":[{"embeddable":true,"href":"https:\/\/www.resistenciasinfravermelho.com.br\/loja2\/index.php?rest_route=\/wp\/v2\/media\/916"}],"wp:attachment":[{"href":"https:\/\/www.resistenciasinfravermelho.com.br\/loja2\/index.php?rest_route=%2Fwp%2Fv2%2Fmedia&parent=915"}],"wp:term":[{"taxonomy":"product_brand","embeddable":true,"href":"https:\/\/www.resistenciasinfravermelho.com.br\/loja2\/index.php?rest_route=%2Fwp%2Fv2%2Fproduct_brand&post=915"},{"taxonomy":"product_cat","embeddable":true,"href":"https:\/\/www.resistenciasinfravermelho.com.br\/loja2\/index.php?rest_route=%2Fwp%2Fv2%2Fproduct_cat&post=915"},{"taxonomy":"product_tag","embeddable":true,"href":"https:\/\/www.resistenciasinfravermelho.com.br\/loja2\/index.php?rest_route=%2Fwp%2Fv2%2Fproduct_tag&post=915"}],"curies":[{"name":"wp","href":"https:\/\/api.w.org\/{rel}","templated":true}]}}